{"id":42937,"date":"2025-04-05T16:00:27","date_gmt":"2025-04-05T14:00:27","guid":{"rendered":"https:\/\/fragrantly.net\/?post_type=product&#038;p=42937"},"modified":"2026-03-26T19:17:19","modified_gmt":"2026-03-26T18:17:19","slug":"fragrantly-jubileum-sets-whipped-soap-bodycremes-en-parfums","status":"publish","type":"product","link":"https:\/\/fragrantly.net\/de\/product\/fragrantly-jubileum-sets-whipped-soap-bodycremes-en-parfums\/","title":{"rendered":"Fragrantly Jubileum SET &#8211; Whipped Soap, Bodycr\u00e8mes en Parfums"},"content":{"rendered":"<p><strong>Elke set is verkrijgbaar in \u00e9\u00e9n van onze twee exclusieve jubileumgeuren. Een feest voor je huid \u00e9n je zintuigen.<br \/>\n<\/strong><\/p>\n<p><strong>Kies jouw geur:<\/strong><\/p>\n<p><strong>Sweet Sahara<\/strong> \ud83d\udc2a \u2013 Een warme, kruidige woestijnwind vol zoete karamel, honing en kaneel. Sandelhout zorgt voor een aardse basis, als het gouden zand onder je voeten bij zonsondergang.<\/p>\n<p><strong>Caramel Cream<\/strong> \ud83c\udf6e \u2013 Zacht als zijdezachte cr\u00e8me met warme karamel, jasmijn en een hint sinaasappel. Frangipani en kaneel zorgen voor een bloemige, licht kruidige twist \u2013 een geur om van te snoepen.<\/p>\n<p><strong>Waarom kiezen voor de Jubileum Compleet Set?<\/strong><\/p>\n<ul>\n<li>Een full-size beleving van jouw favoriete geur.<\/li>\n<li>Perfecte layering: douche, hydrateer en parfumiseer in dezelfde geur.<\/li>\n<li>Luxe uitstraling en ideaal om cadeau te geven \u2013 of gewoon aan jezelf.<\/li>\n<\/ul>\n<p>\ud83c\udf89 Beleef de magie van geur van top tot teen \u2013 bestel jouw Jubileum Compleet Set nu!<br \/>\nBeperkt beschikbaar \u2013 zolang de voorraad strekt.<\/p>\n<p>&nbsp;<\/p>\n<p>&nbsp;<\/p>\n<p><strong>ZUTATEN Schlagsahne:\u00a0<\/strong>SODIUM COCOYL ISETHIONATE, AQUA, COCAMIDOPROPYL BETAINE, GLYCERIN, PROPANEDIOL, STEARIC ACID, BUTYROSPERMUM PARKII BUTTER, CAPRYLIC\/CAPRIC TRIGLYCERIDE, OIL, PRUNUS AMYGDALUS DULCIS OIL, PARFUM, PHENOXYETHANOL, CAPRYLYL GLYCOL<\/p>\n<p><strong>ZUTATEN K\u00f6rpercreme:\u00a0<\/strong>AQUA, ROSA DAMASCENA FLOWER OIL, ALOE BARBADENSIS LEAF JUICE, COCOS NUCIFERA OIL, MANGIFERA INDICA SEED BUTTER (MANGO BOTER), SHEA BOTER, SIMMONDSIA CHINENSIS SEED OIL, HELIANTHUS ANNUUS SEED OIL,\u00a0 UREA, SODIUM HYALURONATE, NIACINAMIDE, EUPHORBIA CERIFERA CERA, CAPRYLIC\/CAPRIC TRIGLYCERIDE, PERSEA GRATISSIMA OIL,\u00a0 ARGANIA SPINOSA KERNEL OIL, RICINUS COMMUNIS SEED OIL, PASSIFLORA INCARNATA SEED OIL, CETEARYL OLIVATE, SORBITAN OLIVATE. GLYCERIN, XANTHAN GUM, FRAGRANCE, TOPERHEROL (VITAMINE E, ), PHENOXYETHANOL, CAPRYLYL GLYCOL<\/p>\n<p><strong>INGREDI\u00cbNTEN Parfum: ALCOHOL DENAT, FRAGRANCE (ETHERISCHE EN\/OF PARFUMOLIE)<br \/>\n<\/strong>Bevat van nature voorkomende allergenen: Citral, Limonene, Geraniol (citrusvruchten), Linalool, Farnesol (lavendel, jasmijn, roos) Benzyl Salicylate (ylang-ylang en bloemige extracten)<\/p>","protected":false},"excerpt":{"rendered":"<p><strong>Vier mee met de Complete Jubileum Geurervaring! &#8211; <\/strong>Ter ere van dit bijzondere moment hebben we iets speciaals voor je samengesteld \u2013 de Jubileum Compleet Set. Een luxe set met alles wat je nodig hebt voor een heerlijke, langdurige geurbeleving:<\/p>\n<p><strong>\u2728 Whipped Soap Souffl\u00e9 (200g)\u2728 Whipped Bodycr\u00e8me (200g)\u2728 Eau de Parfum Spray (30 ml)<\/strong><\/p>\n<ul>\n<li><strong><span style=\"color: #993366;\">Koop 2 jubileum sets en ontvang \u20ac15 korting (wordt automatisch verrekend)<\/span><\/strong><\/li>\n<li><span style=\"color: #993366;\">Vor 15:00 Uhr bestellt, wird noch am selben Tag versandt<\/span><\/li>\n<li><span style=\"color: #993366;\">Kostenlose Lieferung in den Niederlanden ab 40 \u20ac<\/span><\/li>\n<li><span style=\"color: #993366;\">Kostenloser Versand nach Deutschland.ab 40 \u20ac<\/span><\/li>\n<\/ul>","protected":false},"featured_media":42908,"comment_status":"open","ping_status":"closed","template":"","meta":{"_acf_changed":false,"wds_primary_product_brand":0,"wds_primary_product_cat":0},"product_brand":[],"product_cat":[317,658,734,279],"product_tag":[733],"class_list":{"0":"post-42937","1":"product","2":"type-product","3":"status-publish","4":"has-post-thumbnail","6":"product_cat-body-care","7":"product_cat-body-perfume","8":"product_cat-eau-de-parfum","9":"product_cat-whipped-soap","10":"product_tag-jubileum","12":"first","13":"instock","14":"taxable","15":"shipping-taxable","16":"purchasable","17":"product-type-variable"},"acf":[],"_links":{"self":[{"href":"https:\/\/fragrantly.net\/de\/wp-json\/wp\/v2\/product\/42937","targetHints":{"allow":["GET"]}}],"collection":[{"href":"https:\/\/fragrantly.net\/de\/wp-json\/wp\/v2\/product"}],"about":[{"href":"https:\/\/fragrantly.net\/de\/wp-json\/wp\/v2\/types\/product"}],"replies":[{"embeddable":true,"href":"https:\/\/fragrantly.net\/de\/wp-json\/wp\/v2\/comments?post=42937"}],"wp:featuredmedia":[{"embeddable":true,"href":"https:\/\/fragrantly.net\/de\/wp-json\/wp\/v2\/media\/42908"}],"wp:attachment":[{"href":"https:\/\/fragrantly.net\/de\/wp-json\/wp\/v2\/media?parent=42937"}],"wp:term":[{"taxonomy":"product_brand","embeddable":true,"href":"https:\/\/fragrantly.net\/de\/wp-json\/wp\/v2\/product_brand?post=42937"},{"taxonomy":"product_cat","embeddable":true,"href":"https:\/\/fragrantly.net\/de\/wp-json\/wp\/v2\/product_cat?post=42937"},{"taxonomy":"product_tag","embeddable":true,"href":"https:\/\/fragrantly.net\/de\/wp-json\/wp\/v2\/product_tag?post=42937"}],"curies":[{"name":"wp","href":"https:\/\/api.w.org\/{rel}","templated":true}]}}