{"id":30577,"date":"2024-02-08T16:51:09","date_gmt":"2024-02-08T15:51:09","guid":{"rendered":"https:\/\/fragrantly.net\/?post_type=product&#038;p=30577"},"modified":"2024-12-13T16:12:54","modified_gmt":"2024-12-13T15:12:54","slug":"weg-mit-den-pollen-wirksame-krauterteemischung","status":"publish","type":"product","link":"https:\/\/fragrantly.net\/de\/product\/weg-met-die-pollen-doeltreffende-kruidenthee-melange\/","title":{"rendered":"Weg mit den Pollen - wirksame Kr\u00e4uterteemischung"},"content":{"rendered":"<p><strong>Warum wirkt die Kr\u00e4uterteemischung \"Weg mit den Pollen\" so effektiv?<br \/>\n<\/strong><\/p>\n<ol>\n<li><strong>Gingerol:<\/strong> Dies ist die wichtigste bioaktive Verbindung in Ingwer. Gingerol kann helfen, Entz\u00fcndungen zu reduzieren.<\/li>\n<li><strong>Shogaol:<\/strong> Ein Gingerol-Derivat, das entsteht, wenn Ingwer getrocknet oder gekocht wird. Es kann zu den positiven Wirkungen von Ingwer beitragen.<\/li>\n<li><strong>Quercetin:<\/strong> Obwohl Quercetin nicht ausschlie\u00dflich auf Ingwer zur\u00fcckzuf\u00fchren ist, enth\u00e4lt auch Ingwer dieses Flavonoid. Quercetin ist f\u00fcr seine antioxidativen Eigenschaften bekannt und kann Entz\u00fcndungen verringern.<\/li>\n<li><strong>Ingwerzwiebeln:<\/strong> Diese bioaktiven Verbindungen im Ingwer k\u00f6nnen dazu beitragen, Reaktionen auf Pollen zu verringern.<\/li>\n<\/ol>\n<p>&nbsp;<\/p>\n<p><strong>Inhaltsstoffe und ihre Vorteile<\/strong><\/p>\n<ol>\n<li><strong>Ingwerextrakt:<\/strong> lindert Nasen- und Rachenreizungen, wie sie bei Pollenflug auftreten.<\/li>\n<li><strong>Zitronenextrakt:<\/strong> reich an Vitamin C und Antioxidantien, st\u00e4rkt das Immunsystem und reduziert Entz\u00fcndungen.<\/li>\n<li><strong>Goji-Pulver-Extrakt:<\/strong> hilft, allergische Reaktionen auf Pollen zu verringern.<\/li>\n<li><strong>Lavendelbl\u00fcte:<\/strong> Beruhigt die Nerven und baut Stress ab.<\/li>\n<li><strong>Schmetterlings-Erbsen-Tee:<\/strong> ist reich an Antioxidantien, unterst\u00fctzt das Immunsystem und hilft, Entz\u00fcndungen zu reduzieren.<\/li>\n<li><strong>Erythritol:<\/strong> Er ist ein nat\u00fcrlicher Zuckerersatz ohne Auswirkungen auf den Blutzuckerspiegel und bietet eine k\u00f6stliche S\u00fc\u00dfe ohne die Nachteile von Zucker.<\/li>\n<\/ol>\n<p><strong>Vorteile von Honig:<\/strong><\/p>\n<p>Der Geschmack von Ingwer ist ziemlich stark. Um den Geschmack abzumildern, empfiehlt es sich, dem Tee ein wenig Honig hinzuzuf\u00fcgen. Honig verleiht dem Tee eine zus\u00e4tzliche, nat\u00fcrliche Note. <span style=\"color: #333333;\">Honig kann dazu beitragen, die Entz\u00fcndung und die bakterielle Belastung der Atemwege zu verringern, was f\u00fcr Menschen, die unter Pollenflug leiden, von Vorteil ist.<\/span><\/p>\n<p><strong>Verpackung und Verwendung:<\/strong><\/p>\n<p>Die Kr\u00e4uterteemischung Way with those Pollen wird in einer wiederverwendbaren Aluminiumdose pr\u00e4sentiert, die mit 40 Gramm Tee gef\u00fcllt ist - genug f\u00fcr 20 belebende Tassen. Die Dose bewahrt die Frische der Zutaten und ist eine umweltbewusste Wahl.<\/p>\n<p><strong>Wie zu verwenden:<\/strong><\/p>\n<ol>\n<li>Geben Sie einen halben bis einen ganzen Teel\u00f6ffel des Kr\u00e4utertees in ein Tee-Ei oder eine French Press (Cafetiere).<\/li>\n<li>Lassen Sie den Tee 5-7 Minuten ziehen.<\/li>\n<li>Honig nach Geschmack hinzuf\u00fcgen<\/li>\n<\/ol>\n<p>Genie\u00dfen Sie die wohltuenden Aromen und die Linderung nat\u00fcrlicher Inhaltsstoffe mit unserem Way with Those Pollen Kr\u00e4utertee. G\u00f6nnen Sie sich eine k\u00f6stliche Tasse und lassen Sie sich von der Natur mit Erleichterung und Erleichterung w\u00e4hrend der Pollenflugzeit umarmen.<\/p>\n<p><strong>ZUTATEN: <\/strong>ERYTHRIT, ZINGIBER OFFICINALE-WURZELEXTRAKT (INGWEREXTRAKT), CITRUS LIMON FRUCHTEXTRAKT (ZITRONENEXTRAKT), LYCIUM BARBARUM FRUCHTEXTRAKT (GOJIBEERENEXTRAKT), LAVANDULA ANGUSTIFOLIA (LAVENDEL), CLITORIA TERNATEA-BL\u00dcTENEXTRAKT (BLAUE ERBSE).<\/p>","protected":false},"excerpt":{"rendered":"<p><strong>Bringen Sie Harmonie in Ihren Tag mit unserer speziellen Kr\u00e4uterteemischung Get rid of those Pollen!<\/strong> Eine sorgf\u00e4ltig zusammengestellte Mischung, die entwickelt wurde, um schnelle Linderung bei Pollenflug zu verschaffen. Diese einzigartige Mischung aus Ingwer- und Zitronenextrakt, Gojibeeren, Lavendelbl\u00fcten und blauem Schmetterlingsbl\u00fctentee kombiniert nicht nur Aromen, sondern auch bew\u00e4hrte nat\u00fcrliche Eigenschaften, die innerhalb von 15 Minuten Linderung verschaffen! <strong>Nicht \u00fcberzeugt? Bestellen Sie die Probepackung mit Honig f\u00fcr nur 7,50 \u20ac.<\/strong><\/p>\n<ul>\n<li><span style=\"color: #b5557d;\"><strong>Kaufen Sie zusammen im Paket mit unserem <span style=\"text-decoration: underline;\"><a href=\"https:\/\/fragrantly.net\/de\/produkt\/weg-mit-dem-pollen-krautertee-dampfdusch-set\/\">Das Pollen-Dampfdampfset loswerden<\/a>!<\/span><\/strong><\/span><\/li>\n<li><span style=\"color: #b5557d;\">Kostenlose Lieferung in den Niederlanden ab 40 \u20ac<\/span><\/li>\n<li><span style=\"color: #b5557d;\">Kostenloser Versand nach Deutschland.ab 40 \u20ac<\/span><\/li>\n<\/ul>","protected":false},"featured_media":30594,"comment_status":"open","ping_status":"closed","template":"","meta":{"_acf_changed":false,"wds_primary_product_brand":0,"wds_primary_product_cat":0},"product_brand":[],"product_cat":[644,645],"product_tag":[548,643],"class_list":{"0":"post-30577","1":"product","2":"type-product","3":"status-publish","4":"has-post-thumbnail","6":"product_cat-losse-thee","7":"product_cat-pollen","8":"product_tag-pollen","9":"product_tag-thee","11":"first","12":"instock","13":"taxable","14":"shipping-taxable","15":"purchasable","16":"product-type-variable"},"acf":[],"_links":{"self":[{"href":"https:\/\/fragrantly.net\/de\/wp-json\/wp\/v2\/product\/30577","targetHints":{"allow":["GET"]}}],"collection":[{"href":"https:\/\/fragrantly.net\/de\/wp-json\/wp\/v2\/product"}],"about":[{"href":"https:\/\/fragrantly.net\/de\/wp-json\/wp\/v2\/types\/product"}],"replies":[{"embeddable":true,"href":"https:\/\/fragrantly.net\/de\/wp-json\/wp\/v2\/comments?post=30577"}],"wp:featuredmedia":[{"embeddable":true,"href":"https:\/\/fragrantly.net\/de\/wp-json\/wp\/v2\/media\/30594"}],"wp:attachment":[{"href":"https:\/\/fragrantly.net\/de\/wp-json\/wp\/v2\/media?parent=30577"}],"wp:term":[{"taxonomy":"product_brand","embeddable":true,"href":"https:\/\/fragrantly.net\/de\/wp-json\/wp\/v2\/product_brand?post=30577"},{"taxonomy":"product_cat","embeddable":true,"href":"https:\/\/fragrantly.net\/de\/wp-json\/wp\/v2\/product_cat?post=30577"},{"taxonomy":"product_tag","embeddable":true,"href":"https:\/\/fragrantly.net\/de\/wp-json\/wp\/v2\/product_tag?post=30577"}],"curies":[{"name":"wp","href":"https:\/\/api.w.org\/{rel}","templated":true}]}}