{"id":23214,"date":"2023-02-16T10:42:20","date_gmt":"2023-02-16T09:42:20","guid":{"rendered":"https:\/\/fragrantly.net\/?post_type=product&#038;p=23214"},"modified":"2025-05-18T17:29:21","modified_gmt":"2025-05-18T15:29:21","slug":"beruhigender-gesichtsnebel-weg-mit-den-pollen","status":"publish","type":"product","link":"https:\/\/fragrantly.net\/de\/product\/kalmerende-gezichtsmist-weg-met-die-pollen\/","title":{"rendered":"Beruhigendes Gesichtsnebel - Befreien Sie sich von den Pollen"},"content":{"rendered":"<p><strong>Die Vorteile von Fragrantly Soothing Facial Mist<\/strong><br \/>\n\u2705 Entlastet und beruhigt schnell<br \/>\n\u2705 Entfernt Pollen von der Haut<br \/>\n\u2705 Kann auf Gesicht und Hals verwendet werden<br \/>\n\u2705 Mehrfache Verwendung w\u00e4hrend des Tages<br \/>\n\u2705 Macht die Haut wieder ruhig<br \/>\n\u2705 Einfach zu benutzen und \u00fcberallhin mitzunehmen<br \/>\n\u2705 Biologisch und pflanzlich<br \/>\nVegan (ohne Bienenwachs)<br \/>\n100% frei von Tierversuchen<br \/>\nProduziert in den Niederlanden<\/p>\n<p>Der Fragrantly-Gesichtsnebel beruhigt die Haut und sorgt daf\u00fcr, dass sie weniger juckt und ruhiger wird.<\/p>\n<p><strong>Wie verwende ich den Soothing Facial Mist?<\/strong><br \/>\nSpr\u00fchen Sie das Spray bei geschlossenen Augen direkt auf das Gesicht. Anschlie\u00dfend k\u00f6nnen Sie das Spray mit einem Wattebausch sanft \u00fcber das Gesicht wischen, um die Pollen von der Haut zu entfernen.<\/p>\n<p><strong>Wie viel brauche ich?<\/strong><br \/>\nJede Flasche enth\u00e4lt durchschnittlich 120 Spritzen. Sie k\u00f6nnen es f\u00fcr eine ziemlich lange Zeit verwenden und Sie k\u00f6nnen so viel oder so wenig wie n\u00f6tig verwenden.<\/p>\n<p><strong>Wie oft kann ich den Nebel verwenden?<\/strong><br \/>\nSo viel wie Sie wollen! Das Spray enth\u00e4lt eine sehr sanfte und milde Formel.<\/p>\n<p>&nbsp;<\/p>\n<p><strong>ZUTATEN:<\/strong> LAVANDULA ANGUSTIFOLIA (LAVENDEL) BL\u00dcTENWASSER, AQUA, HAMAMELIS VIRGINIANA LEAF EXTRACT, COCAMIDOPROPYL BETAINE, PROPYLENE GLYCOL. CUCUMIS SATIVUS (GURKE) FRUCHTEXTRAKT, ALOE BARBADENSIS BLATTEXTRAKT, GLYCERIN, CAMELLIA SINENSIS BLATTEXTRAKT, PHENOXYETHANOL. LACTICS\u00c4URE<\/p>\n<p>&nbsp;<\/p>\n<p>&nbsp;<\/p>","protected":false},"excerpt":{"rendered":"<p><strong>Reduzieren Sie Juckreiz im Gesicht mit dem Fragrantly Soothing Facial Mist! Dank einer einzigartigen Kombination aus Lavendelhydrosol, <b>Hamamelis virginiana, gr\u00fcn und<\/b> Das Spray mit Gurkenextrakt beruhigt, erfrischt und belebt die Gesichtshaut, wenn sie durch Pollen trocken und gereizt ist. Dieser Gesichtsnebel wirkt unter anderem ausgleichend, antiseptisch, k\u00fchlend, entspannend, beruhigend und belebend.\u00a0<\/strong><\/p>\n<ul>\n<li><span style=\"color: #b5557d;\">Montag bis Freitag vor 15:00 Uhr bestellt, am selben Tag versandt<\/span><\/li>\n<li><span style=\"color: #b5557d;\">Kostenlose Lieferung in den Niederlanden ab 40 \u20ac<\/span><\/li>\n<li><span style=\"color: #b5557d;\">Kostenloser Versand nach Deutschland.ab 40 \u20ac<\/span><\/li>\n<\/ul>","protected":false},"featured_media":23215,"comment_status":"open","ping_status":"closed","template":"","meta":{"_acf_changed":false,"wds_primary_product_brand":0,"wds_primary_product_cat":0},"product_brand":[],"product_cat":[411,645],"product_tag":[705,548],"class_list":{"0":"post-23214","1":"product","2":"type-product","3":"status-publish","4":"has-post-thumbnail","6":"product_cat-gezichtsverzorging","7":"product_cat-pollen","8":"product_tag-gezichtsmist","9":"product_tag-pollen","11":"first","12":"instock","13":"taxable","14":"shipping-taxable","15":"purchasable","16":"product-type-variable","17":"has-default-attributes"},"acf":[],"_links":{"self":[{"href":"https:\/\/fragrantly.net\/de\/wp-json\/wp\/v2\/product\/23214","targetHints":{"allow":["GET"]}}],"collection":[{"href":"https:\/\/fragrantly.net\/de\/wp-json\/wp\/v2\/product"}],"about":[{"href":"https:\/\/fragrantly.net\/de\/wp-json\/wp\/v2\/types\/product"}],"replies":[{"embeddable":true,"href":"https:\/\/fragrantly.net\/de\/wp-json\/wp\/v2\/comments?post=23214"}],"wp:featuredmedia":[{"embeddable":true,"href":"https:\/\/fragrantly.net\/de\/wp-json\/wp\/v2\/media\/23215"}],"wp:attachment":[{"href":"https:\/\/fragrantly.net\/de\/wp-json\/wp\/v2\/media?parent=23214"}],"wp:term":[{"taxonomy":"product_brand","embeddable":true,"href":"https:\/\/fragrantly.net\/de\/wp-json\/wp\/v2\/product_brand?post=23214"},{"taxonomy":"product_cat","embeddable":true,"href":"https:\/\/fragrantly.net\/de\/wp-json\/wp\/v2\/product_cat?post=23214"},{"taxonomy":"product_tag","embeddable":true,"href":"https:\/\/fragrantly.net\/de\/wp-json\/wp\/v2\/product_tag?post=23214"}],"curies":[{"name":"wp","href":"https:\/\/api.w.org\/{rel}","templated":true}]}}