{"id":18791,"date":"2022-10-09T17:48:38","date_gmt":"2022-10-09T15:48:38","guid":{"rendered":"https:\/\/fragrantly.net\/?post_type=product&#038;p=18791"},"modified":"2026-02-06T13:34:19","modified_gmt":"2026-02-06T12:34:19","slug":"super-skin-boost-serum-hyaluronsaure-niacinamid-vitamin-b3","status":"publish","type":"product","link":"https:\/\/fragrantly.net\/de\/product\/super-skin-boost-serum-hyaluronic-acid-niacinamide-vitamine-b3\/","title":{"rendered":"Super Skin Boost Serum - Hyalurons\u00e4ure &amp; Niacinamid (Vitamin B3)"},"content":{"rendered":"<p><strong>Die Vorteile des Serums Fragrantly Super Skin Boost<\/strong><\/p>\n<p>&nbsp;<\/p>\n<p><strong>Hyalurons\u00e4ure<\/strong><br \/>\n\ud83c\udf38 Macht die Haut glatter, straffer und geschmeidiger<br \/>\n\ud83c\udf38 Spendet viel Feuchtigkeit und verhindert Trockenheit<br \/>\n\ud83c\udf38 ist ein hervorragender Feuchtigkeitsspender und Hautschutz f\u00fcr die Oberfl\u00e4che und den Untergrund<br \/>\n\ud83c\udf38 Kann der Haut helfen, sich selbst zu reparieren, indem es die Selbstverteidigung der Haut st\u00e4rkt<br \/>\n\ud83c\udf38 Hyalurons\u00e4ure (Hyaluronic Acid) wirkt wie ein kleiner Schwamm, der Wasser anzieht und bis zum 1.000-fachen seines Eigengewichts an Feuchtigkeit speichert.<\/p>\n<p>&nbsp;<\/p>\n<p><strong>Niacinamid (Vitamin B3)<\/strong><br \/>\n\ud83c\udf38 Kann zur Verbesserung verschiedener Hautkrankheiten beitragen, darunter Akne, Rosazea und atopische Dermatitis.<br \/>\n\ud83c\udf38 Hilft, Blockaden zu l\u00f6sen<br \/>\n\ud83c\udf38 Gleicht die Talgproduktion aus<br \/>\n\ud83c\udf38 Macht vergr\u00f6\u00dferte Poren weniger sichtbar<br \/>\n\ud83c\udf38 Hautton ausgleichen<br \/>\n\ud83c\udf38 L\u00e4sst Pickel verblassen<br \/>\n\ud83c\udf38 Ist nicht invasiv<br \/>\n\ud83c\udf38 Gut vertr\u00e4glich f\u00fcr eine Vielzahl von Hauttypen.<br \/>\n\ud83c\udf38 Gem\u00fcse<br \/>\n\ud83c\udf38 Vegan<br \/>\n\ud83c\udf38 100% tierversuchsfrei<br \/>\n\ud83c\udf38 Produziert in den Niederlanden<\/p>\n<p>&nbsp;<\/p>\n<p>Hyalurons\u00e4ure (Hyaluronic Acid) klingt be\u00e4ngstigend, ist es aber \u00fcberhaupt nicht. Unser K\u00f6rper stellt seine eigene Hyalurons\u00e4ure her. Mit zunehmendem Alter nimmt die nat\u00fcrliche Produktion von Hyalurons\u00e4ure jedoch ab. Durch die Anwendung von Hyalurons\u00e4ure im Gesicht (und auch an anderen K\u00f6rperstellen) k\u00f6nnen Sie ohne Botox strahlender und ges\u00fcnder aussehen! Super Skin Boost enth\u00e4lt auch Niacinamid, auch bekannt als Vitamin B3. Vitamin B3 ist wirklich gut f\u00fcr die Haut. Es steuert die Talgproduktion (nat\u00fcrliches Hautfett) und reduziert Entz\u00fcndungen, die bei Aknehaut h\u00e4ufig auftreten. Das Besondere an Niacinamid ist, dass es sowohl f\u00fcr fettige als auch f\u00fcr trockene Haut geeignet ist. Dass es f\u00fcr beide Hauttypen geeignet ist, ist etwas ganz Besonderes!<\/p>\n<p>&nbsp;<\/p>\n<p><strong>Wie wird der Super Skin Boost angewendet?<\/strong><\/p>\n<p>&nbsp;<\/p>\n<p><strong>1 - Im Gesicht, am Hals, am R\u00fccken, an den H\u00e4nden?<\/strong><br \/>\nGanz genau! Super Skin Boost ist sehr mild und sehr wirksam. Die Verwendung ist ebenso einfach. Nach der Gesichtsreinigung auf das leicht feuchte Gesicht mit der mitgelieferten Pipette 2 - 4 Tropfen auf das Gesicht tr\u00e4ufeln. Achten Sie darauf, dass die Pipette nicht mit Ihrer Haut in Ber\u00fchrung kommt. Massieren Sie dann Ihr Gesicht, bis das Serum gut von der Haut aufgenommen wurde.<\/p>\n<p>&nbsp;<\/p>\n<p><strong>2 - Versiegeln Sie mit einem \u00d6lprodukt, das die Poren nicht verstopft.<\/strong><br \/>\nEinige Vitamine sind nur wasserl\u00f6slich, daher ist die Versiegelung mit einer Feuchtigkeitscreme auf \u00d6lbasis die beste Option. Dadurch wird sichergestellt, dass das Serum in der Haut verbleibt und die M\u00f6glichkeit und Zeit bekommt, seine Wirkung zu entfalten. Verwenden Sie daher eine Feuchtigkeitscreme auf \u00d6lbasis, wie z. B. ein Gesichts\u00f6l (Sublime Face Oil erhalten Sie bei uns vor\u00fcbergehend kostenlos zu Ihrer Bestellung) oder unser Night Renewal Serum (Hinweis: Night Renewal enth\u00e4lt Vitamin A, daher m\u00fcssen Sie mit UV-Strahlen vorsichtig sein. Verwenden Sie eine <a href=\"https:\/\/fragrantly.net\/de\/produkt\/naturliche-mineralische-sonnencreme-spf-10-40-sonnenschutz-uva-uvb-schutz\/\">nat\u00fcrlicher Sonnenbrand<\/a> bei Verwendung tags\u00fcber).<\/p>\n<p>&nbsp;<\/p>\n<p><strong>Wie duftet das Super Skin Boost Serum?<\/strong><br \/>\nWir verwenden das wunderbar blumige (subtile) Geranium-Hydrosol sowohl wegen seines Duftes als auch wegen seiner positiven Eigenschaften in unserem Super Skin Boost. In der Hautpflege ist das Hydrosol der Geranie ein Feuchthaltemittel, ideal f\u00fcr die Hautpflege, aber auch ausgleichend und adaptogen f\u00fcr fettige, trockene und (bei Akne) empfindliche Haut.<\/p>\n<p>&nbsp;<\/p>\n<p><strong>Welche Inhaltsstoffe enth\u00e4lt das Serum Super Skin Boost?<\/strong><br \/>\nSeren sind so konzentriert, dass man nicht viel braucht. Das Serum Fragrantly Super Skin Boost wird in einer schwarzen Glasflasche mit Pipette geliefert und hat ein Fassungsverm\u00f6gen von 30 ml. Wenn Sie Ihr Gesicht zweimal t\u00e4glich (z. B. morgens und abends) mit Super Skin Boost einreiben, k\u00f6nnen Sie 6 Monate vorankommen.<\/p>\n<p>&nbsp;<\/p>\n<p>&nbsp;<\/p>\n<p><strong>ZUTATEN:<\/strong> <span style=\"font-weight: 400;\">PELARGONIUM<\/span><span style=\"font-weight: 400;\"> GRAVEOLENS WATER (Geranium Hydrosol) AQUA (Wasser), NIACINAMIDE (Vitamin B3), GLYCERIN (bewahrt die Feuchtigkeit), DEHYDROACETIC ACID, BENZYL ALCOHOL (nat\u00fcrliche Konservierungsstoffe) LACTIC ACID (Peeling), XANTHAN GUM (Dickmacher), HYALURONIC ACID (Superstar 1) HYDROLYZED SODIUM HYALURONATE (Superstar 2)<\/span><\/p>\n<p>&nbsp;<\/p>","protected":false},"excerpt":{"rendered":"<p><strong>Fragrantly Super Skin Boost enth\u00e4lt eine Kombination aus Hyalurons\u00e4ure und Niacinamid (Vitamin B3) - zusammen sind sie Superstars f\u00fcr Ihre Haut und helfen auf nat\u00fcrliche Weise, Ihre Haut glatter, weicher und straffer zu machen!<\/strong><\/p>\n<ul>\n<li><span style=\"color: #b5557d;\">Montag bis Freitag vor 15:00 Uhr bestellt, am selben Tag versandt<\/span><\/li>\n<li><span style=\"color: #b5557d;\">Kostenlose Lieferung in den Niederlanden ab 40 \u20ac<\/span><\/li>\n<li><span style=\"color: #b5557d;\">Kostenloser Versand nach Deutschland.ab 40 \u20ac<\/span><\/li>\n<\/ul>","protected":false},"featured_media":18814,"comment_status":"open","ping_status":"closed","template":"","meta":{"_acf_changed":false,"wds_primary_product_brand":0,"wds_primary_product_cat":0},"product_brand":[],"product_cat":[411,489],"product_tag":[416,415,417],"class_list":{"0":"post-18791","1":"product","2":"type-product","3":"status-publish","4":"has-post-thumbnail","6":"product_cat-gezichtsverzorging","7":"product_cat-serum","8":"product_tag-hyaluronic-acid","9":"product_tag-hyaluronzuur","10":"product_tag-niacinamide","12":"first","13":"instock","14":"taxable","15":"shipping-taxable","16":"purchasable","17":"product-type-simple"},"acf":[],"_links":{"self":[{"href":"https:\/\/fragrantly.net\/de\/wp-json\/wp\/v2\/product\/18791","targetHints":{"allow":["GET"]}}],"collection":[{"href":"https:\/\/fragrantly.net\/de\/wp-json\/wp\/v2\/product"}],"about":[{"href":"https:\/\/fragrantly.net\/de\/wp-json\/wp\/v2\/types\/product"}],"replies":[{"embeddable":true,"href":"https:\/\/fragrantly.net\/de\/wp-json\/wp\/v2\/comments?post=18791"}],"wp:featuredmedia":[{"embeddable":true,"href":"https:\/\/fragrantly.net\/de\/wp-json\/wp\/v2\/media\/18814"}],"wp:attachment":[{"href":"https:\/\/fragrantly.net\/de\/wp-json\/wp\/v2\/media?parent=18791"}],"wp:term":[{"taxonomy":"product_brand","embeddable":true,"href":"https:\/\/fragrantly.net\/de\/wp-json\/wp\/v2\/product_brand?post=18791"},{"taxonomy":"product_cat","embeddable":true,"href":"https:\/\/fragrantly.net\/de\/wp-json\/wp\/v2\/product_cat?post=18791"},{"taxonomy":"product_tag","embeddable":true,"href":"https:\/\/fragrantly.net\/de\/wp-json\/wp\/v2\/product_tag?post=18791"}],"curies":[{"name":"wp","href":"https:\/\/api.w.org\/{rel}","templated":true}]}}