{"id":16099,"date":"2022-08-06T17:10:13","date_gmt":"2022-08-06T15:10:13","guid":{"rendered":"https:\/\/fragrantly.net\/?post_type=product&#038;p=16099"},"modified":"2025-08-25T18:18:27","modified_gmt":"2025-08-25T16:18:27","slug":"wachter-atherische-olmischung-korperparfumol-2","status":"publish","type":"product","link":"https:\/\/fragrantly.net\/de\/product\/guardian-essential-oil-blend-body-perfume-olie-geurmineralen\/","title":{"rendered":"Guardian Essential oil blend &#8211;  Body Perfume olie + Geurmineralen"},"content":{"rendered":"<p>Das Spray \"Guardian Essential Oil Blend\" funktioniert auf sehr einfache Weise. Das Spray enth\u00e4lt die gleichen Inhaltsstoffe wie unsere Guardian Essential Oil Blend Duftmineralien und verstr\u00f6mt einen w\u00fcrzigen, blumigen Duft. Die Guardian Essential Oil Blend ist ein wunderbar w\u00fcrzig riechendes K\u00f6rperparf\u00fcm und \u00fcberdeckt Ihren K\u00f6rpergeruch.<\/p>\n<p>&nbsp;<\/p>\n<div class=\"accordion\">\n\t<div id=\"accordion-3166994978\" class=\"accordion-item\">\n\t\t<a id=\"accordion-3166994978-label\" class=\"accordion-title plain\" href=\"#accordion-item-hoeveel-guardian-essential-oil-blend-spray-moet-ik-gebruiken?\" aria-expanded=\"false\" aria-controls=\"accordion-3166994978-content\">\n\t\t\t<button class=\"toggle\" aria-label=\"Umschalten\"><i class=\"icon-angle-down\" aria-hidden=\"true\"><\/i><\/button>\n\t\t\t<span>Wie viel Guardian Essential Oil Blend Spray sollte ich verwenden?<\/span>\n\t\t<\/a>\n\t\t<div id=\"accordion-3166994978-content\" class=\"accordion-inner\" aria-labelledby=\"accordion-3166994978-label\">\n\t\t\t\n<p><em>Machen Sie immer zuerst einen Patch-Test! Mit anderen Worten: Auch bei pflanzlichen Stoffen kann eine allergische Reaktion auftreten. Spr\u00fchen Sie eine kleine Menge auf Ihre Haut hinter dem Ohr oder auf die Innenseite Ihres Ellenbogens. Warten Sie, bis es getrocknet ist, und beobachten Sie, ob Sie eine Reaktion (z. B. einen Ausschlag) zeigen. Wenn Sie eine Reaktion versp\u00fcren, h\u00f6ren Sie auf, es zu verwenden.\u00a0<\/em><\/p>\n<p>Spr\u00fchen Sie es zun\u00e4chst ein paar Mal auf Ihr Haar und Ihren Nacken. Verteile es auf deiner Haut. Sie sollten den Duft selbst gut riechen k\u00f6nnen. Aufgrund des warmen Wetters kann sich der Duft etwas schneller verfl\u00fcchtigen. In diesem Fall k\u00f6nnen Sie erneut spr\u00fchen.<\/p>\n\t\t<\/div>\n\t<\/div>\n\t\n\t<div id=\"accordion-4227435008\" class=\"accordion-item\">\n\t\t<a id=\"accordion-4227435008-label\" class=\"accordion-title plain\" href=\"#accordion-item-waar-ruikt-guardian-essential-oil-blend-naar?\" aria-expanded=\"false\" aria-controls=\"accordion-4227435008-content\">\n\t\t\t<button class=\"toggle\" aria-label=\"Umschalten\"><i class=\"icon-angle-down\" aria-hidden=\"true\"><\/i><\/button>\n\t\t\t<span>Wonach riecht die Guardian Essential Oil Blend?<\/span>\n\t\t<\/a>\n\t\t<div id=\"accordion-4227435008-content\" class=\"accordion-inner\" aria-labelledby=\"accordion-4227435008-label\">\n\t\t\t\nDie Duftstoffe, die wir f\u00fcr die Guardian Essential Oil Blend Produkte verwendet haben, sind: Gew\u00fcrznelke, Rosmarin, Geranie und Zitronengras.<br \/>\n\t\t<\/div>\n\t<\/div>\n\t\n\t<div id=\"accordion-2384894304\" class=\"accordion-item\">\n\t\t<a id=\"accordion-2384894304-label\" class=\"accordion-title plain\" href=\"#accordion-item-wat-zit-er-allemaal-in-de-guardian-essential-oil-blend?br-\/-\" aria-expanded=\"false\" aria-controls=\"accordion-2384894304-content\">\n\t\t\t<button class=\"toggle\" aria-label=\"Umschalten\"><i class=\"icon-angle-down\" aria-hidden=\"true\"><\/i><\/button>\n\t\t\t<span>Was ist in der \u00e4therischen \u00d6lmischung Guardian enthalten?<br \/>\n<\/span>\n\t\t<\/a>\n\t\t<div id=\"accordion-2384894304-content\" class=\"accordion-inner\" aria-labelledby=\"accordion-2384894304-label\">\n\t\t\t\nF\u00fcr unser Spray Guardian Essential Oil Blend verwenden wir ausschlie\u00dflich pflanzliche Inhaltsstoffe. Es besteht aus 4 verschiedenen \u00e4therischen \u00d6len, die mit fraktioniertem Kokosnuss\u00f6l verd\u00fcnnt sind. Au\u00dferdem f\u00fcgen wir pflanzliches Glycerin hinzu. Die vollst\u00e4ndige Liste der Inhaltsstoffe finden Sie unten.<\/p>\n\t\t<\/div>\n\t<\/div>\n\t\n\t<div id=\"accordion-3884071119\" class=\"accordion-item\">\n\t\t<a id=\"accordion-3884071119-label\" class=\"accordion-title plain\" href=\"#accordion-item-is-de-guardian-essential-oil-blend-veilig-voor-kinderen-en\/of-huisdieren?\" aria-expanded=\"false\" aria-controls=\"accordion-3884071119-content\">\n\t\t\t<button class=\"toggle\" aria-label=\"Umschalten\"><i class=\"icon-angle-down\" aria-hidden=\"true\"><\/i><\/button>\n\t\t\t<span>Ist Guardian Essential Oil Blend sicher f\u00fcr Kinder und\/oder Haustiere?<\/span>\n\t\t<\/a>\n\t\t<div id=\"accordion-3884071119-content\" class=\"accordion-inner\" aria-labelledby=\"accordion-3884071119-label\">\n\t\t\t\nAls Tr\u00e4ger\u00f6l verwenden wir fraktioniertes Kokosnuss\u00f6l, auch bekannt als MCT-\u00d6l. MCT ist ein stabiles, streichf\u00e4higes und geruchsneutrales \u00d6l. Bei \u00e4therischen \u00d6len kann es zu allergischen Reaktionen kommen. Wir empfehlen daher, zun\u00e4chst einen Patch-Test an sich selbst und an Kindern durchzuf\u00fchren. \u00c4therische \u00d6le k\u00f6nnen f\u00fcr Haustiere gef\u00e4hrlich sein. Achten Sie daher darauf, dass das \u00d6l nicht mit dem Fell von Haustieren in Ber\u00fchrung kommt.<br \/>\n\t\t<\/div>\n\t<\/div>\n\t\n<\/div>\n<p>&nbsp;<\/p>\n<p><strong>ZUTATEN:<\/strong> CAPRYLIC\/CAPRIC TRIGLYCERIDE, EUGENIA CARYOPHYLLUS KNOSPEN\u00d6L, PELARGONIUM GRAVEOLENS \u00d6L, ROSMARINUS OFFICINALIS BLATT\u00d6L, CYMBOPOGON FLEXUOSUS \u00d6L, GLYCERIN<\/p>","protected":false},"excerpt":{"rendered":"<p><strong>Nach dem Erfolg unseres K\u00f6rperparf\u00fcm\u00f6ls Defence bieten wir jetzt auch die \u00e4therische \u00d6lmischung Guardian an, die in verschiedenen Sets erh\u00e4ltlich ist.<\/strong><\/p>\n<ul>\n<li><span style=\"color: #b5557d;\">Montag bis Freitag vor 15:00 Uhr bestellt, am selben Tag versandt<\/span><\/li>\n<li><span style=\"color: #b5557d;\">Kostenlose Lieferung in den Niederlanden ab 40 \u20ac<\/span><\/li>\n<li><span style=\"color: #b5557d;\">Kostenloser Versand nach Deutschland.ab 40 \u20ac<\/span><\/li>\n<\/ul>","protected":false},"featured_media":30774,"comment_status":"open","ping_status":"closed","template":"","meta":{"_acf_changed":false,"wds_primary_product_brand":0,"wds_primary_product_cat":0},"product_brand":[],"product_cat":[578,223,373,589],"product_tag":[400,367,399],"class_list":{"0":"post-16099","1":"product","2":"type-product","3":"status-publish","4":"has-post-thumbnail","6":"product_cat-body-mist","7":"product_cat-etherische-olie","8":"product_cat-geur-mineralen","9":"product_cat-parfum","10":"product_tag-aroma-brander","11":"product_tag-geur-mineralen","12":"product_tag-spray","14":"first","15":"instock","16":"sale","17":"taxable","18":"shipping-taxable","19":"purchasable","20":"product-type-variable"},"acf":[],"_links":{"self":[{"href":"https:\/\/fragrantly.net\/de\/wp-json\/wp\/v2\/product\/16099","targetHints":{"allow":["GET"]}}],"collection":[{"href":"https:\/\/fragrantly.net\/de\/wp-json\/wp\/v2\/product"}],"about":[{"href":"https:\/\/fragrantly.net\/de\/wp-json\/wp\/v2\/types\/product"}],"replies":[{"embeddable":true,"href":"https:\/\/fragrantly.net\/de\/wp-json\/wp\/v2\/comments?post=16099"}],"wp:featuredmedia":[{"embeddable":true,"href":"https:\/\/fragrantly.net\/de\/wp-json\/wp\/v2\/media\/30774"}],"wp:attachment":[{"href":"https:\/\/fragrantly.net\/de\/wp-json\/wp\/v2\/media?parent=16099"}],"wp:term":[{"taxonomy":"product_brand","embeddable":true,"href":"https:\/\/fragrantly.net\/de\/wp-json\/wp\/v2\/product_brand?post=16099"},{"taxonomy":"product_cat","embeddable":true,"href":"https:\/\/fragrantly.net\/de\/wp-json\/wp\/v2\/product_cat?post=16099"},{"taxonomy":"product_tag","embeddable":true,"href":"https:\/\/fragrantly.net\/de\/wp-json\/wp\/v2\/product_tag?post=16099"}],"curies":[{"name":"wp","href":"https:\/\/api.w.org\/{rel}","templated":true}]}}